{"id":44,"date":"2023-08-31T10:37:46","date_gmt":"2023-08-31T10:37:46","guid":{"rendered":"https:\/\/ccreadysites.cyberchimps.com\/physiotherapy\/?page_id=44"},"modified":"2024-03-01T11:14:07","modified_gmt":"2024-03-01T11:14:07","slug":"contact-us","status":"publish","type":"page","link":"https:\/\/beratungsstellemitherz.de\/?page_id=44","title":{"rendered":"Kontaktiere uns"},"content":{"rendered":"\t\t<div data-elementor-type=\"wp-page\" data-elementor-id=\"44\" class=\"elementor elementor-44\">\n\t\t\t\t\t\t<section class=\"elementor-section elementor-top-section elementor-element elementor-element-0356678 elementor-section-boxed elementor-section-height-default elementor-section-height-default\" data-id=\"0356678\" data-element_type=\"section\" data-e-type=\"section\" data-settings=\"{&quot;background_background&quot;:&quot;classic&quot;}\">\n\t\t\t\t\t\t<div class=\"elementor-container elementor-column-gap-default\">\n\t\t\t\t\t<div class=\"elementor-column elementor-col-100 elementor-top-column elementor-element elementor-element-1f97fe7\" data-id=\"1f97fe7\" data-element_type=\"column\" data-e-type=\"column\">\n\t\t\t<div class=\"elementor-widget-wrap elementor-element-populated\">\n\t\t\t\t\t\t<div class=\"elementor-element elementor-element-18b2bc0 elementor-widget elementor-widget-heading\" data-id=\"18b2bc0\" data-element_type=\"widget\" data-e-type=\"widget\" data-widget_type=\"heading.default\">\n\t\t\t\t<div class=\"elementor-widget-container\">\n\t\t\t\t\t<h1 class=\"elementor-heading-title elementor-size-default\">Kontaktiere uns<\/h1>\t\t\t\t<\/div>\n\t\t\t\t<\/div>\n\t\t\t\t\t<\/div>\n\t\t<\/div>\n\t\t\t\t\t<\/div>\n\t\t<\/section>\n\t\t\t\t<section class=\"elementor-section elementor-top-section elementor-element elementor-element-64d580b elementor-section-boxed elementor-section-height-default elementor-section-height-default\" data-id=\"64d580b\" data-element_type=\"section\" data-e-type=\"section\">\n\t\t\t\t\t\t<div class=\"elementor-container elementor-column-gap-default\">\n\t\t\t\t\t<div class=\"elementor-column elementor-col-25 elementor-top-column elementor-element elementor-element-e345337\" data-id=\"e345337\" data-element_type=\"column\" data-e-type=\"column\" data-settings=\"{&quot;background_background&quot;:&quot;classic&quot;}\">\n\t\t\t<div class=\"elementor-widget-wrap elementor-element-populated\">\n\t\t\t\t\t\t<div class=\"elementor-element elementor-element-ca6aaf1 elementor-position-top elementor-widget elementor-widget-image-box\" data-id=\"ca6aaf1\" data-element_type=\"widget\" data-e-type=\"widget\" data-widget_type=\"image-box.default\">\n\t\t\t\t<div class=\"elementor-widget-container\">\n\t\t\t\t\t<div class=\"elementor-image-box-wrapper\"><figure class=\"elementor-image-box-img\"><img decoding=\"async\" width=\"75\" height=\"75\" src=\"https:\/\/beratungsstellemitherz.de\/wp-content\/uploads\/2023\/12\/map-1.png\" class=\"attachment-full size-full wp-image-2027\" alt=\"\" \/><\/figure><div class=\"elementor-image-box-content\"><h3 class=\"elementor-image-box-title\">Hier sind wir<\/h3><p class=\"elementor-image-box-description\">Schliebener Stra\u00dfe 5 <br> 04916 Herzberg<\/p><\/div><\/div>\t\t\t\t<\/div>\n\t\t\t\t<\/div>\n\t\t\t\t\t<\/div>\n\t\t<\/div>\n\t\t\t\t<div class=\"elementor-column elementor-col-25 elementor-top-column elementor-element elementor-element-0bf2c98\" data-id=\"0bf2c98\" data-element_type=\"column\" data-e-type=\"column\" data-settings=\"{&quot;background_background&quot;:&quot;classic&quot;}\">\n\t\t\t<div class=\"elementor-widget-wrap elementor-element-populated\">\n\t\t\t\t\t\t<div class=\"elementor-element elementor-element-3709c6c elementor-widget__width-initial elementor-position-top elementor-widget elementor-widget-image-box\" data-id=\"3709c6c\" data-element_type=\"widget\" data-e-type=\"widget\" data-widget_type=\"image-box.default\">\n\t\t\t\t<div class=\"elementor-widget-container\">\n\t\t\t\t\t<div class=\"elementor-image-box-wrapper\"><figure class=\"elementor-image-box-img\"><img decoding=\"async\" width=\"75\" height=\"75\" src=\"https:\/\/beratungsstellemitherz.de\/wp-content\/uploads\/2023\/12\/email-1.png\" class=\"attachment-full size-full wp-image-2028\" alt=\"\" \/><\/figure><div class=\"elementor-image-box-content\"><h3 class=\"elementor-image-box-title\">Schreibe uns<\/h3><p class=\"elementor-image-box-description\">info@beratungsstellemitherz.de<\/p><\/div><\/div>\t\t\t\t<\/div>\n\t\t\t\t<\/div>\n\t\t\t\t\t<\/div>\n\t\t<\/div>\n\t\t\t\t<div class=\"elementor-column elementor-col-25 elementor-top-column elementor-element elementor-element-5ab258b\" data-id=\"5ab258b\" data-element_type=\"column\" data-e-type=\"column\" data-settings=\"{&quot;background_background&quot;:&quot;classic&quot;}\">\n\t\t\t<div class=\"elementor-widget-wrap elementor-element-populated\">\n\t\t\t\t\t\t<div class=\"elementor-element elementor-element-d7223b7 elementor-position-top elementor-widget elementor-widget-image-box\" data-id=\"d7223b7\" data-element_type=\"widget\" data-e-type=\"widget\" data-widget_type=\"image-box.default\">\n\t\t\t\t<div class=\"elementor-widget-container\">\n\t\t\t\t\t<div class=\"elementor-image-box-wrapper\"><figure class=\"elementor-image-box-img\"><img decoding=\"async\" width=\"75\" height=\"75\" src=\"https:\/\/beratungsstellemitherz.de\/wp-content\/uploads\/2023\/12\/phone-1.png\" class=\"attachment-full size-full wp-image-2029\" alt=\"\" \/><\/figure><div class=\"elementor-image-box-content\"><h3 class=\"elementor-image-box-title\">Ruf uns an<\/h3><p class=\"elementor-image-box-description\">Sandra 0159\/01790023\n<br>Saskia 0162\/9497310<\/p><\/div><\/div>\t\t\t\t<\/div>\n\t\t\t\t<\/div>\n\t\t\t\t\t<\/div>\n\t\t<\/div>\n\t\t\t\t<div class=\"elementor-column elementor-col-25 elementor-top-column elementor-element elementor-element-1473d8d\" data-id=\"1473d8d\" data-element_type=\"column\" data-e-type=\"column\" data-settings=\"{&quot;background_background&quot;:&quot;classic&quot;}\">\n\t\t\t<div class=\"elementor-widget-wrap elementor-element-populated\">\n\t\t\t\t\t\t<div class=\"elementor-element elementor-element-30ad511 elementor-position-top elementor-widget elementor-widget-image-box\" data-id=\"30ad511\" data-element_type=\"widget\" data-e-type=\"widget\" data-widget_type=\"image-box.default\">\n\t\t\t\t<div class=\"elementor-widget-container\">\n\t\t\t\t\t<div class=\"elementor-image-box-wrapper\"><figure class=\"elementor-image-box-img\"><img loading=\"lazy\" decoding=\"async\" width=\"75\" height=\"75\" src=\"https:\/\/beratungsstellemitherz.de\/wp-content\/uploads\/2023\/12\/open-1.png\" class=\"attachment-full size-full wp-image-2030\" alt=\"\" \/><\/figure><div class=\"elementor-image-box-content\"><h3 class=\"elementor-image-box-title\">\u00d6ffnungszeiten<\/h3><p class=\"elementor-image-box-description\">Nur nach <br>Vereinbarung<br>\n\n<\/p><\/div><\/div>\t\t\t\t<\/div>\n\t\t\t\t<\/div>\n\t\t\t\t\t<\/div>\n\t\t<\/div>\n\t\t\t\t\t<\/div>\n\t\t<\/section>\n\t\t\t\t<section class=\"elementor-section elementor-top-section elementor-element elementor-element-ba11f67 elementor-section-boxed elementor-section-height-default elementor-section-height-default\" data-id=\"ba11f67\" data-element_type=\"section\" data-e-type=\"section\">\n\t\t\t\t\t\t<div class=\"elementor-container elementor-column-gap-default\">\n\t\t\t\t\t<div class=\"elementor-column elementor-col-50 elementor-top-column elementor-element elementor-element-2a6f53c\" data-id=\"2a6f53c\" data-element_type=\"column\" data-e-type=\"column\" data-settings=\"{&quot;background_background&quot;:&quot;classic&quot;}\">\n\t\t\t<div class=\"elementor-widget-wrap elementor-element-populated\">\n\t\t\t\t\t\t<div class=\"elementor-element elementor-element-c9731fe elementor-widget elementor-widget-heading\" data-id=\"c9731fe\" data-element_type=\"widget\" data-e-type=\"widget\" data-widget_type=\"heading.default\">\n\t\t\t\t<div class=\"elementor-widget-container\">\n\t\t\t\t\t<h2 class=\"elementor-heading-title elementor-size-default\">Kontaktformular<\/h2>\t\t\t\t<\/div>\n\t\t\t\t<\/div>\n\t\t\t\t<div class=\"elementor-element elementor-element-c86023f elementor-widget__width-initial elementor-widget-tablet__width-inherit elementor-widget elementor-widget-heading\" data-id=\"c86023f\" data-element_type=\"widget\" data-e-type=\"widget\" data-widget_type=\"heading.default\">\n\t\t\t\t<div class=\"elementor-widget-container\">\n\t\t\t\t\t<p class=\"elementor-heading-title elementor-size-default\">Hier hast du demn\u00e4chst die M\u00f6glichkeit uns direkt und ohne Umwege zu kontaktieren.<\/p>\t\t\t\t<\/div>\n\t\t\t\t<\/div>\n\t\t\t\t\t<\/div>\n\t\t<\/div>\n\t\t\t\t<div class=\"elementor-column elementor-col-50 elementor-top-column elementor-element elementor-element-6b5efb0\" data-id=\"6b5efb0\" data-element_type=\"column\" data-e-type=\"column\">\n\t\t\t<div class=\"elementor-widget-wrap elementor-element-populated\">\n\t\t\t\t\t\t<div class=\"elementor-element elementor-element-f12746e elementor-widget elementor-widget-google_maps\" data-id=\"f12746e\" data-element_type=\"widget\" data-e-type=\"widget\" data-widget_type=\"google_maps.default\">\n\t\t\t\t<div class=\"elementor-widget-container\">\n\t\t\t\t\t\t\t<div class=\"elementor-custom-embed\">\n\t\t\t<iframe loading=\"lazy\"\n\t\t\t\t\tsrc=\"https:\/\/maps.google.com\/maps?q=Schliebener%20Stra%C3%9Fe%205%2C%2004916%20Herzberg&#038;t=m&#038;z=10&#038;output=embed&#038;iwloc=near\"\n\t\t\t\t\ttitle=\"Schliebener Stra\u00dfe 5, 04916 Herzberg\"\n\t\t\t\t\taria-label=\"Schliebener Stra\u00dfe 5, 04916 Herzberg\"\n\t\t\t><\/iframe>\n\t\t<\/div>\n\t\t\t\t\t\t<\/div>\n\t\t\t\t<\/div>\n\t\t\t\t\t<\/div>\n\t\t<\/div>\n\t\t\t\t\t<\/div>\n\t\t<\/section>\n\t\t\t\t<\/div>\n\t\t","protected":false},"excerpt":{"rendered":"<p>Kontaktiere uns Hier sind wir Schliebener Stra\u00dfe 5 04916 Herzberg Schreibe uns info@beratungsstellemitherz.de Ruf uns an Sandra 0159\/01790023 Saskia 0162\/9497310 \u00d6ffnungszeiten Nur nach Vereinbarung Kontaktformular Hier hast du demn\u00e4chst die M\u00f6glichkeit uns direkt und ohne Umwege zu kontaktieren.<\/p>\n","protected":false},"author":1,"featured_media":0,"parent":0,"menu_order":0,"comment_status":"closed","ping_status":"closed","template":"elementor_header_footer","meta":{"footnotes":""},"class_list":["post-44","page","type-page","status-publish","hentry"],"yoast_head":"<!-- This site is optimized with the Yoast SEO plugin v26.8 - https:\/\/yoast.com\/product\/yoast-seo-wordpress\/ -->\n<title>Kontaktiere uns - Beratungsstelle mit Herz<\/title>\n<meta name=\"robots\" content=\"index, follow, max-snippet:-1, max-image-preview:large, max-video-preview:-1\" \/>\n<link rel=\"canonical\" href=\"https:\/\/beratungsstellemitherz.de\/?page_id=44\" \/>\n<meta property=\"og:locale\" content=\"de_DE\" \/>\n<meta property=\"og:type\" content=\"article\" \/>\n<meta property=\"og:title\" content=\"Kontaktiere uns - Beratungsstelle mit Herz\" \/>\n<meta property=\"og:description\" content=\"Kontaktiere uns Hier sind wir Schliebener Stra\u00dfe 5 04916 Herzberg Schreibe uns info@beratungsstellemitherz.de Ruf uns an Sandra 0159\/01790023 Saskia 0162\/9497310 \u00d6ffnungszeiten Nur nach Vereinbarung Kontaktformular Hier hast du demn\u00e4chst die M\u00f6glichkeit uns direkt und ohne Umwege zu kontaktieren.\" \/>\n<meta property=\"og:url\" content=\"https:\/\/beratungsstellemitherz.de\/?page_id=44\" \/>\n<meta property=\"og:site_name\" content=\"Beratungsstelle mit Herz\" \/>\n<meta property=\"article:modified_time\" content=\"2024-03-01T11:14:07+00:00\" \/>\n<meta property=\"og:image\" content=\"https:\/\/beratungsstellemitherz.de\/wp-content\/uploads\/2023\/12\/map-1.png\" \/>\n<meta name=\"twitter:card\" content=\"summary_large_image\" \/>\n<meta name=\"twitter:label1\" content=\"Gesch\u00e4tzte Lesezeit\" \/>\n\t<meta name=\"twitter:data1\" content=\"2 Minuten\" \/>\n<script type=\"application\/ld+json\" class=\"yoast-schema-graph\">{\"@context\":\"https:\/\/schema.org\",\"@graph\":[{\"@type\":\"WebPage\",\"@id\":\"https:\/\/beratungsstellemitherz.de\/?page_id=44\",\"url\":\"https:\/\/beratungsstellemitherz.de\/?page_id=44\",\"name\":\"Kontaktiere uns - Beratungsstelle mit Herz\",\"isPartOf\":{\"@id\":\"https:\/\/beratungsstellemitherz.de\/#website\"},\"primaryImageOfPage\":{\"@id\":\"https:\/\/beratungsstellemitherz.de\/?page_id=44#primaryimage\"},\"image\":{\"@id\":\"https:\/\/beratungsstellemitherz.de\/?page_id=44#primaryimage\"},\"thumbnailUrl\":\"https:\/\/beratungsstellemitherz.de\/wp-content\/uploads\/2023\/12\/map-1.png\",\"datePublished\":\"2023-08-31T10:37:46+00:00\",\"dateModified\":\"2024-03-01T11:14:07+00:00\",\"breadcrumb\":{\"@id\":\"https:\/\/beratungsstellemitherz.de\/?page_id=44#breadcrumb\"},\"inLanguage\":\"de\",\"potentialAction\":[{\"@type\":\"ReadAction\",\"target\":[\"https:\/\/beratungsstellemitherz.de\/?page_id=44\"]}]},{\"@type\":\"ImageObject\",\"inLanguage\":\"de\",\"@id\":\"https:\/\/beratungsstellemitherz.de\/?page_id=44#primaryimage\",\"url\":\"https:\/\/beratungsstellemitherz.de\/wp-content\/uploads\/2023\/12\/map-1.png\",\"contentUrl\":\"https:\/\/beratungsstellemitherz.de\/wp-content\/uploads\/2023\/12\/map-1.png\",\"width\":75,\"height\":75},{\"@type\":\"BreadcrumbList\",\"@id\":\"https:\/\/beratungsstellemitherz.de\/?page_id=44#breadcrumb\",\"itemListElement\":[{\"@type\":\"ListItem\",\"position\":1,\"name\":\"Startseite\",\"item\":\"https:\/\/beratungsstellemitherz.de\/\"},{\"@type\":\"ListItem\",\"position\":2,\"name\":\"Kontaktiere uns\"}]},{\"@type\":\"WebSite\",\"@id\":\"https:\/\/beratungsstellemitherz.de\/#website\",\"url\":\"https:\/\/beratungsstellemitherz.de\/\",\"name\":\"Beratungsstelle mit Herz\",\"description\":\"Ganzheitliche Gesundheitsberatung\",\"publisher\":{\"@id\":\"https:\/\/beratungsstellemitherz.de\/#organization\"},\"potentialAction\":[{\"@type\":\"SearchAction\",\"target\":{\"@type\":\"EntryPoint\",\"urlTemplate\":\"https:\/\/beratungsstellemitherz.de\/?s={search_term_string}\"},\"query-input\":{\"@type\":\"PropertyValueSpecification\",\"valueRequired\":true,\"valueName\":\"search_term_string\"}}],\"inLanguage\":\"de\"},{\"@type\":\"Organization\",\"@id\":\"https:\/\/beratungsstellemitherz.de\/#organization\",\"name\":\"Beratungsstelle mit Herz\",\"url\":\"https:\/\/beratungsstellemitherz.de\/\",\"logo\":{\"@type\":\"ImageObject\",\"inLanguage\":\"de\",\"@id\":\"https:\/\/beratungsstellemitherz.de\/#\/schema\/logo\/image\/\",\"url\":\"https:\/\/beratungsstellemitherz.de\/wp-content\/uploads\/2023\/12\/cropped-bmh_design-1-e1701875806363.jpg\",\"contentUrl\":\"https:\/\/beratungsstellemitherz.de\/wp-content\/uploads\/2023\/12\/cropped-bmh_design-1-e1701875806363.jpg\",\"width\":100,\"height\":100,\"caption\":\"Beratungsstelle mit Herz\"},\"image\":{\"@id\":\"https:\/\/beratungsstellemitherz.de\/#\/schema\/logo\/image\/\"}}]}<\/script>\n<!-- \/ Yoast SEO plugin. -->","yoast_head_json":{"title":"Kontaktiere uns - Beratungsstelle mit Herz","robots":{"index":"index","follow":"follow","max-snippet":"max-snippet:-1","max-image-preview":"max-image-preview:large","max-video-preview":"max-video-preview:-1"},"canonical":"https:\/\/beratungsstellemitherz.de\/?page_id=44","og_locale":"de_DE","og_type":"article","og_title":"Kontaktiere uns - Beratungsstelle mit Herz","og_description":"Kontaktiere uns Hier sind wir Schliebener Stra\u00dfe 5 04916 Herzberg Schreibe uns info@beratungsstellemitherz.de Ruf uns an Sandra 0159\/01790023 Saskia 0162\/9497310 \u00d6ffnungszeiten Nur nach Vereinbarung Kontaktformular Hier hast du demn\u00e4chst die M\u00f6glichkeit uns direkt und ohne Umwege zu kontaktieren.","og_url":"https:\/\/beratungsstellemitherz.de\/?page_id=44","og_site_name":"Beratungsstelle mit Herz","article_modified_time":"2024-03-01T11:14:07+00:00","og_image":[{"url":"https:\/\/beratungsstellemitherz.de\/wp-content\/uploads\/2023\/12\/map-1.png","type":"","width":"","height":""}],"twitter_card":"summary_large_image","twitter_misc":{"Gesch\u00e4tzte Lesezeit":"2 Minuten"},"schema":{"@context":"https:\/\/schema.org","@graph":[{"@type":"WebPage","@id":"https:\/\/beratungsstellemitherz.de\/?page_id=44","url":"https:\/\/beratungsstellemitherz.de\/?page_id=44","name":"Kontaktiere uns - Beratungsstelle mit Herz","isPartOf":{"@id":"https:\/\/beratungsstellemitherz.de\/#website"},"primaryImageOfPage":{"@id":"https:\/\/beratungsstellemitherz.de\/?page_id=44#primaryimage"},"image":{"@id":"https:\/\/beratungsstellemitherz.de\/?page_id=44#primaryimage"},"thumbnailUrl":"https:\/\/beratungsstellemitherz.de\/wp-content\/uploads\/2023\/12\/map-1.png","datePublished":"2023-08-31T10:37:46+00:00","dateModified":"2024-03-01T11:14:07+00:00","breadcrumb":{"@id":"https:\/\/beratungsstellemitherz.de\/?page_id=44#breadcrumb"},"inLanguage":"de","potentialAction":[{"@type":"ReadAction","target":["https:\/\/beratungsstellemitherz.de\/?page_id=44"]}]},{"@type":"ImageObject","inLanguage":"de","@id":"https:\/\/beratungsstellemitherz.de\/?page_id=44#primaryimage","url":"https:\/\/beratungsstellemitherz.de\/wp-content\/uploads\/2023\/12\/map-1.png","contentUrl":"https:\/\/beratungsstellemitherz.de\/wp-content\/uploads\/2023\/12\/map-1.png","width":75,"height":75},{"@type":"BreadcrumbList","@id":"https:\/\/beratungsstellemitherz.de\/?page_id=44#breadcrumb","itemListElement":[{"@type":"ListItem","position":1,"name":"Startseite","item":"https:\/\/beratungsstellemitherz.de\/"},{"@type":"ListItem","position":2,"name":"Kontaktiere uns"}]},{"@type":"WebSite","@id":"https:\/\/beratungsstellemitherz.de\/#website","url":"https:\/\/beratungsstellemitherz.de\/","name":"Beratungsstelle mit Herz","description":"Ganzheitliche Gesundheitsberatung","publisher":{"@id":"https:\/\/beratungsstellemitherz.de\/#organization"},"potentialAction":[{"@type":"SearchAction","target":{"@type":"EntryPoint","urlTemplate":"https:\/\/beratungsstellemitherz.de\/?s={search_term_string}"},"query-input":{"@type":"PropertyValueSpecification","valueRequired":true,"valueName":"search_term_string"}}],"inLanguage":"de"},{"@type":"Organization","@id":"https:\/\/beratungsstellemitherz.de\/#organization","name":"Beratungsstelle mit Herz","url":"https:\/\/beratungsstellemitherz.de\/","logo":{"@type":"ImageObject","inLanguage":"de","@id":"https:\/\/beratungsstellemitherz.de\/#\/schema\/logo\/image\/","url":"https:\/\/beratungsstellemitherz.de\/wp-content\/uploads\/2023\/12\/cropped-bmh_design-1-e1701875806363.jpg","contentUrl":"https:\/\/beratungsstellemitherz.de\/wp-content\/uploads\/2023\/12\/cropped-bmh_design-1-e1701875806363.jpg","width":100,"height":100,"caption":"Beratungsstelle mit Herz"},"image":{"@id":"https:\/\/beratungsstellemitherz.de\/#\/schema\/logo\/image\/"}}]}},"featured_image_src":"","featured_image_src_square":false,"rbea_author_info":{"display_name":"admin","author_link":"https:\/\/beratungsstellemitherz.de\/?author=1"},"rbea_excerpt_info":"Kontaktiere uns Hier sind wir Schliebener Stra\u00dfe 5 04916 Herzberg Schreibe uns info@beratungsstellemitherz.de Ruf uns an Sandra 0159\/01790023 Saskia 0162\/9497310 \u00d6ffnungszeiten Nur nach Vereinbarung Kontaktformular Hier hast du demn\u00e4chst die M\u00f6glichkeit uns direkt und ohne Umwege zu kontaktieren.","_links":{"self":[{"href":"https:\/\/beratungsstellemitherz.de\/index.php?rest_route=\/wp\/v2\/pages\/44","targetHints":{"allow":["GET"]}}],"collection":[{"href":"https:\/\/beratungsstellemitherz.de\/index.php?rest_route=\/wp\/v2\/pages"}],"about":[{"href":"https:\/\/beratungsstellemitherz.de\/index.php?rest_route=\/wp\/v2\/types\/page"}],"author":[{"embeddable":true,"href":"https:\/\/beratungsstellemitherz.de\/index.php?rest_route=\/wp\/v2\/users\/1"}],"replies":[{"embeddable":true,"href":"https:\/\/beratungsstellemitherz.de\/index.php?rest_route=%2Fwp%2Fv2%2Fcomments&post=44"}],"version-history":[{"count":23,"href":"https:\/\/beratungsstellemitherz.de\/index.php?rest_route=\/wp\/v2\/pages\/44\/revisions"}],"predecessor-version":[{"id":2230,"href":"https:\/\/beratungsstellemitherz.de\/index.php?rest_route=\/wp\/v2\/pages\/44\/revisions\/2230"}],"wp:attachment":[{"href":"https:\/\/beratungsstellemitherz.de\/index.php?rest_route=%2Fwp%2Fv2%2Fmedia&parent=44"}],"curies":[{"name":"wp","href":"https:\/\/api.w.org\/{rel}","templated":true}]}}